{"id":12,"date":"2014-01-06T11:24:46","date_gmt":"2014-01-06T11:24:46","guid":{"rendered":"http:\/\/haugensporting.no\/?page_id=12"},"modified":"2023-12-21T09:32:12","modified_gmt":"2023-12-21T08:32:12","slug":"om-haugensporting","status":"publish","type":"page","link":"https:\/\/haugensporting.no\/","title":{"rendered":"Om Haugensporting"},"content":{"rendered":"<div id=\"pl-12\"  class=\"panel-layout\" ><div id=\"pg-12-0\"  class=\"panel-grid panel-no-style\" ><div id=\"pgc-12-0-0\"  class=\"panel-grid-cell\" ><div id=\"panel-12-0-0-0\" class=\"so-panel widget widget_sow-editor panel-first-child panel-last-child\" data-index=\"0\" ><div\n\t\t\t\n\t\t\tclass=\"so-widget-sow-editor so-widget-sow-editor-base\"\n\t\t\t\n\t\t>\n<div class=\"siteorigin-widget-tinymce textwidget\">\n\t<p>Velkommen til Haugen Sporting sin nettside. Haugen Sporting holder til p\u00e5 Karm\u00f8y og eies av Svein Gunnar Haugen.\u00a0 Han begynte med organisert leirdueskyting\u00a0 i 2005. I l\u00f8pet av dei f\u00f8rste \u00e5rene s\u00e5\u00a0tok han utdanning som NJFF hagleinstrukt\u00f8r og NJFF dommer. Sakte men sikkert \u00f8kte interessen for leirduesti og sporting disipliner som Compak Sporting, 5-Stand, English Sporting og ikke minst leirduens svar p\u00e5 golf, FITASC Sporting.<\/p>\n<p>Dette er konkurransegrener\u00a0 innen leirdueskyting som alle har som m\u00e5l \u00e5 v\u00e6re jaktrelaterte og er derfor sv\u00e6rt varierende. Sommeren 2010 gikk turen til det f\u00f8rste VM i FITASC Sporting i Italia. Siden den gang har det blitt flere VM, EM, NM og grand prix stevner rundt om i verden.<\/p>\n<p>I tillegg til \u00e5 v\u00e6re sertifisert som NJFF hagleinstrukt\u00f8r er Svein Gunnar ogs\u00e5 en blandt veldig f\u00e5 APSI sertifiserte hagleinstrukt\u00f8rer i Norge. Du kan lese mer om APSI ved \u00e5 f\u00f8lge<a href=\"http:\/\/apsi.co.uk\" target=\"_blank\" rel=\"noopener\"> denne linken<\/a>. De aller fleste av de store skyteskolene i England har det som ett krav at deres instrukt\u00f8rer skal v\u00e6re APSI sertifiserte. Gjennom dette sikrer man en god kvalitet p\u00e5 oppl\u00e6ringen i kunsten \u00e5 skyte leirduer,\u00a0 samt jakt med hagle.<\/p>\n<p>Haugen Sporting har som m\u00e5l \u00e5 tilby produkter av gjennomf\u00f8rt kvalitet og til fornuftige priser. Vi har pr dags dato agentur p\u00e5 MEC leirduekastere og MEC lade produkter, Longrange LLC tr\u00e5dl\u00f8se utl\u00f8ser systemer og PILLA skytebriller.<\/p>\n<p>&nbsp;<\/p>\n<\/div>\n<\/div><\/div><\/div><div id=\"pgc-12-0-1\"  class=\"panel-grid-cell\" ><div id=\"panel-12-0-1-0\" class=\"so-panel widget widget_metaslider_widget panel-first-child\" data-index=\"1\" ><div id=\"metaslider-id-167\" style=\"width: 100%; margin: 0 auto;\" class=\"ml-slider-3-107-0 metaslider metaslider-responsive metaslider-167 ml-slider ms-theme-default\" role=\"region\" aria-label=\"Om Haugen sporting\" data-height=\"1080\" data-width=\"1080\">\n    <div id=\"metaslider_container_167\">\n        <ul id='metaslider_167' class='rslides'>\n            <li aria-roledescription='slide' aria-labelledby='slide-0'><img loading=\"lazy\" decoding=\"async\" src=\"https:\/\/haugensporting.no\/wp-content\/uploads\/2014\/01\/614933_10151109137136257_690813023_o-1080x1080.jpg\" height=\"1080\" width=\"1080\" alt=\"\" class=\"slider-167 slide-161 msDefaultImage\" \/><\/li>\n        <\/ul>\n        \n    <\/div>\n<\/div><\/div><div id=\"panel-12-0-1-1\" class=\"so-panel widget widget_sow-editor panel-last-child\" data-index=\"2\" ><div\n\t\t\t\n\t\t\tclass=\"so-widget-sow-editor so-widget-sow-editor-base\"\n\t\t\t\n\t\t>\n<div class=\"siteorigin-widget-tinymce textwidget\">\n\t<p><em>\"Nobody expects to play golf well without proper coaching and regular practise. Yet, although 'swing' is as important in game-gun shooting as it is in golf, and although there are other notable similarities in the two sport such, as for example, the prime necessity of keeping your eye on the object you are aiming to hit, most men who get an occasional day with a gun are disappointed with themselves because they fail to put up a good performance. The secret of staight shooting, like playing scratch golf, is constant practise, a steady temperament and a knowledge of the game.\"<\/em><\/p>\n<p>Robert Churchill<\/p>\n<\/div>\n<\/div><\/div><\/div><\/div><div id=\"pg-12-1\"  class=\"panel-grid panel-no-style\" ><div id=\"pgc-12-1-0\"  class=\"panel-grid-cell panel-grid-cell-empty panel-grid-cell-mobile-last\" ><\/div><div id=\"pgc-12-1-1\"  class=\"panel-grid-cell panel-grid-cell-empty\" ><\/div><\/div><\/div>","protected":false},"excerpt":{"rendered":"<p>Velkommen til Haugen Sporting sin nettside. Haugen Sporting holder til p\u00e5 Karm\u00f8y og eies av Svein Gunnar Haugen.\u00a0 Han begynte med organisert leirdueskyting\u00a0 i 2005. I l\u00f8pet av dei f\u00f8rste \u00e5rene s\u00e5\u00a0tok han utdanning som NJFF hagleinstrukt\u00f8r og NJFF dommer. Sakte men sikkert \u00f8kte interessen for leirduesti og sporting disipliner som Compak Sporting, 5-Stand, English [&hellip;]<\/p>\n","protected":false},"author":1,"featured_media":0,"parent":0,"menu_order":0,"comment_status":"closed","ping_status":"closed","template":"templates\/template-full-notitle.php","meta":{"footnotes":""},"class_list":["post-12","page","type-page","status-publish","hentry","post"],"_links":{"self":[{"href":"https:\/\/haugensporting.no\/index.php?rest_route=\/wp\/v2\/pages\/12","targetHints":{"allow":["GET"]}}],"collection":[{"href":"https:\/\/haugensporting.no\/index.php?rest_route=\/wp\/v2\/pages"}],"about":[{"href":"https:\/\/haugensporting.no\/index.php?rest_route=\/wp\/v2\/types\/page"}],"author":[{"embeddable":true,"href":"https:\/\/haugensporting.no\/index.php?rest_route=\/wp\/v2\/users\/1"}],"replies":[{"embeddable":true,"href":"https:\/\/haugensporting.no\/index.php?rest_route=%2Fwp%2Fv2%2Fcomments&post=12"}],"version-history":[{"count":29,"href":"https:\/\/haugensporting.no\/index.php?rest_route=\/wp\/v2\/pages\/12\/revisions"}],"predecessor-version":[{"id":653,"href":"https:\/\/haugensporting.no\/index.php?rest_route=\/wp\/v2\/pages\/12\/revisions\/653"}],"wp:attachment":[{"href":"https:\/\/haugensporting.no\/index.php?rest_route=%2Fwp%2Fv2%2Fmedia&parent=12"}],"curies":[{"name":"wp","href":"https:\/\/api.w.org\/{rel}","templated":true}]}}