{"id":253,"date":"2014-07-13T18:10:13","date_gmt":"2014-07-13T16:10:13","guid":{"rendered":"http:\/\/haugensporting.no\/?page_id=253"},"modified":"2018-03-31T17:35:18","modified_gmt":"2018-03-31T15:35:18","slug":"kontakt-meg","status":"publish","type":"page","link":"https:\/\/haugensporting.no\/?page_id=253","title":{"rendered":"Kontakt oss"},"content":{"rendered":"<div id=\"pl-253\"  class=\"panel-layout\" ><div id=\"pg-253-0\"  class=\"panel-grid panel-no-style\" ><div id=\"pgc-253-0-0\"  class=\"panel-grid-cell\" ><div id=\"panel-253-0-0-0\" class=\"so-panel widget widget_black-studio-tinymce widget_black_studio_tinymce panel-first-child panel-last-child\" data-index=\"0\" ><div class=\"textwidget\"><p>F\u00e5r du ikke kontakt via telefon s\u00e5 send oss en epost \u00a0med din kontakt informasjon og vi ringer deg tilbake s\u00e5 snart vi kan. Du kan ogs\u00e5 bruke skjemaet til h\u00f8yre.<\/p>\n<p>Du finner ogs\u00e5 haugensporting p\u00e5 <a href=\"https:\/\/www.facebook.com\/haugensporting?ref=aymt_homepage_panel\" target=\"_blank\" rel=\"noopener\">f<\/a><a href=\"https:\/\/www.facebook.com\/haugensporting\">acebook.<\/a>\u00a0Her ligger ogs\u00e5 ett utvalg av v\u00e5re produkter, samt priser. Sjekk ut denne <a href=\"https:\/\/www.facebook.com\/pg\/haugensporting\/shop\">direkte linken,<\/a><\/p>\n<p>&nbsp;<\/p>\n<p>Haugen Sporting<\/p>\n<p>v\/Svein Gunnar Haugen<\/p>\n<p>Myrstien 1<\/p>\n<p>4270 Aakrehamn<\/p>\n<p>+47 90128207<\/p>\n<p>post@haugensporting.no<\/p>\n<\/div><\/div><\/div><div id=\"pgc-253-0-1\"  class=\"panel-grid-cell panel-grid-cell-empty\" ><\/div><div id=\"pgc-253-0-2\"  class=\"panel-grid-cell\" ><div id=\"panel-253-0-2-0\" class=\"so-panel widget widget_sow-contact-form panel-first-child panel-last-child\" data-index=\"1\" ><div\n\t\t\t\n\t\t\tclass=\"so-widget-sow-contact-form so-widget-sow-contact-form-default-1dceae4ce411-253\"\n\t\t\t\n\t\t>\t<form\n\t\taction=\"\/index.php?rest_route=%2Fwp%2Fv2%2Fpages%2F253\"\n\t\tmethod=\"POST\"\n\t\tclass=\"sow-contact-form\"\n\t\tid=\"contact-form-c668\"\n\t>\n\n\t\t\n\t\t\t\t\t<div class=\"sow-form-field sow-form-field-name\">\n\t\t\t\t<label class=\"sow-form-field-label-above\" for=\"sow-contact-form-field-ditt-navn-1\">\n\t\t\t\t<strong>\n\t\t\t\t\tDitt navn\t\t\t\t\t\t\t\t\t<\/strong>\n\t\t\t<\/label>\n\t\t\t\t\t\t\t<div class=\"sow-field-container\">\n\t\t\t\t\t\t\t<input\n\t\t\ttype=\"text\"\n\t\t\tname=\"ditt-navn-1\"\n\t\t\tid=\"sow-contact-form-field-ditt-navn-1\"\n\t\t\tvalue=\"\"\n\t\t\tclass=\"sow-text-field\"\n\t\t\t\t\t\t\t\t\/>\n\t\t\t\t\t\t<\/div>\n\t\t\t\t\t\t\t<\/div>\n\t\t\t\t\t\t<div class=\"sow-form-field sow-form-field-email\">\n\t\t\t\t<label class=\"sow-form-field-label-above\" for=\"sow-contact-form-field-din-e-post-1\">\n\t\t\t\t<strong>\n\t\t\t\t\tDin e-post\t\t\t\t\t\t\t\t\t<\/strong>\n\t\t\t<\/label>\n\t\t\t\t\t\t\t<div class=\"sow-field-container\">\n\t\t\t\t\t\t\t<input\n\t\t\ttype=\"email\"\n\t\t\tname=\"din-e-post-1\"\n\t\t\tid=\"sow-contact-form-field-din-e-post-1\"\n\t\t\tvalue=\"\"\n\t\t\tclass=\"sow-text-field\"\t\t\t\t\t\t\t\t\/>\n\t\t\t\t\t\t<\/div>\n\t\t\t\t\t\t\t<\/div>\n\t\t\t\t\t\t<div class=\"sow-form-field sow-form-field-subject\">\n\t\t\t\t<label class=\"sow-form-field-label-above\" for=\"sow-contact-form-field-tema-1\">\n\t\t\t\t<strong>\n\t\t\t\t\tTema\t\t\t\t\t\t\t\t\t<\/strong>\n\t\t\t<\/label>\n\t\t\t\t\t\t\t<div class=\"sow-field-container\">\n\t\t\t\t\t\t\t<input\n\t\t\ttype=\"text\"\n\t\t\tname=\"tema-1\"\n\t\t\tid=\"sow-contact-form-field-tema-1\"\n\t\t\tvalue=\"\"\n\t\t\tclass=\"sow-text-field\"\n\t\t\t\t\t\t\t\t\/>\n\t\t\t\t\t\t<\/div>\n\t\t\t\t\t\t\t<\/div>\n\t\t\t\t\t\t<div class=\"sow-form-field sow-form-field-textarea\">\n\t\t\t\t<label class=\"sow-form-field-label-above\" for=\"sow-contact-form-field-melding-1\">\n\t\t\t\t<strong>\n\t\t\t\t\tMelding\t\t\t\t\t\t\t\t\t<\/strong>\n\t\t\t<\/label>\n\t\t\t\t\t\t\t<div class=\"sow-field-container\">\n\t\t\t\t\t\t\t<textarea\n\t\t\tname=\"melding-1\"\n\t\t\tid=\"sow-contact-form-field-melding-1\"\n\t\t\trows=\"10\"\n\t\t\t\t\t\t\t\t><\/textarea>\n\t\t\t\t\t\t<\/div>\n\t\t\t\t\t\t\t<\/div>\n\t\t\t\n\t\t\n\t\t<div class=\"sow-submit-wrapper \n\t\tsow-submit-styled\t\t\">\n\n\t\t\t<button\n\t\t\t\ttype=\"submit\"\n\t\t\t\tclass=\"sow-submit\n\t\t\t\t\t\t\t\t\"\n\t\t\t\t\t\t\t>\n\t\t\t\tContact Us\t\t\t<\/button>\n\t\t<\/div>\n\t\t\t\t<input\n\t\t\ttype=\"hidden\"\n\t\t\tname=\"instance_hash-1\"\n\t\t\tvalue=\"c668ad6f\"\n\t\t\/>\n\n\t\t<input type=\"hidden\" id=\"_wpnonce\" name=\"_wpnonce\" value=\"eca9f1e9e5\" \/><input type=\"hidden\" name=\"_wp_http_referer\" value=\"\/index.php?rest_route=%2Fwp%2Fv2%2Fpages%2F253\" \/>\t<\/form>\n\t<\/div><\/div><\/div><\/div><\/div>","protected":false},"excerpt":{"rendered":"<p>F\u00e5r du ikke kontakt via telefon s\u00e5 send oss en epost \u00a0med din kontakt informasjon og vi ringer deg tilbake s\u00e5 snart vi kan. Du kan ogs\u00e5 bruke skjemaet til h\u00f8yre. Du finner ogs\u00e5 haugensporting p\u00e5 facebook.\u00a0Her ligger ogs\u00e5 ett utvalg av v\u00e5re produkter, samt priser. Sjekk ut denne direkte linken, &nbsp; Haugen Sporting v\/Svein [&hellip;]<\/p>\n","protected":false},"author":1,"featured_media":0,"parent":0,"menu_order":0,"comment_status":"closed","ping_status":"closed","template":"home-panels.php","meta":{"footnotes":""},"class_list":["post-253","page","type-page","status-publish","hentry","post"],"_links":{"self":[{"href":"https:\/\/haugensporting.no\/index.php?rest_route=\/wp\/v2\/pages\/253","targetHints":{"allow":["GET"]}}],"collection":[{"href":"https:\/\/haugensporting.no\/index.php?rest_route=\/wp\/v2\/pages"}],"about":[{"href":"https:\/\/haugensporting.no\/index.php?rest_route=\/wp\/v2\/types\/page"}],"author":[{"embeddable":true,"href":"https:\/\/haugensporting.no\/index.php?rest_route=\/wp\/v2\/users\/1"}],"replies":[{"embeddable":true,"href":"https:\/\/haugensporting.no\/index.php?rest_route=%2Fwp%2Fv2%2Fcomments&post=253"}],"version-history":[{"count":18,"href":"https:\/\/haugensporting.no\/index.php?rest_route=\/wp\/v2\/pages\/253\/revisions"}],"predecessor-version":[{"id":527,"href":"https:\/\/haugensporting.no\/index.php?rest_route=\/wp\/v2\/pages\/253\/revisions\/527"}],"wp:attachment":[{"href":"https:\/\/haugensporting.no\/index.php?rest_route=%2Fwp%2Fv2%2Fmedia&parent=253"}],"curies":[{"name":"wp","href":"https:\/\/api.w.org\/{rel}","templated":true}]}}