{"id":393,"date":"2018-03-30T17:51:33","date_gmt":"2018-03-30T15:51:33","guid":{"rendered":"http:\/\/haugensporting.no\/?page_id=393"},"modified":"2023-12-21T09:30:06","modified_gmt":"2023-12-21T08:30:06","slug":"mec-marksman","status":"publish","type":"page","link":"https:\/\/haugensporting.no\/?page_id=393","title":{"rendered":"MEC Marksman"},"content":{"rendered":"<div id=\"pl-393\"  class=\"panel-layout\" ><div id=\"pg-393-0\"  class=\"panel-grid panel-no-style\" ><div id=\"pgc-393-0-0\"  class=\"panel-grid-cell panel-grid-cell-mobile-last\" ><div id=\"panel-393-0-0-0\" class=\"so-panel widget widget_sow-editor panel-first-child panel-last-child\" data-index=\"0\" ><div\n\t\t\t\n\t\t\tclass=\"so-widget-sow-editor so-widget-sow-editor-base\"\n\t\t\t\n\t\t>\n<div class=\"siteorigin-widget-tinymce textwidget\">\n\t<p>MEC Marksman h\u00f8ster stadig flere lovord for sin patenterte selvsentrerende hylseholder. Denne gj\u00f8r at kulen presses p\u00e5 plass med st\u00f8rst mulig n\u00f8yaktighet gang etter gang. Bidra ogs\u00e5 sterkt til mindre run-out. Er du avhengig av h\u00f8y presisjon? Sjekk video klipp under.<\/p>\n<p>MEC Marksman ladepresse f\u00e5r du n\u00e5 til kun 4990,- inkl MVA. ( pris er kun for ladepressen) Lagerf\u00f8rer ogs\u00e5 alt av ekstrautstyr i Norge. Priser p\u00e5 tilbeh\u00f8r og ekstrautstyr sendes p\u00e5 oppfordring.<\/p>\n<p>Ta gjerne turen over til v\u00e5r facebook side for mer informasjon om produkter og priser.<\/p>\n<\/div>\n<\/div><\/div><\/div><div id=\"pgc-393-0-1\"  class=\"panel-grid-cell panel-grid-cell-empty\" ><\/div><\/div><div id=\"pg-393-1\"  class=\"panel-grid panel-no-style\" ><div id=\"pgc-393-1-0\"  class=\"panel-grid-cell\" ><div id=\"panel-393-1-0-0\" class=\"so-panel widget widget_siteorigin-panels-embedded-video panel-first-child panel-last-child\" data-index=\"1\" >\t\t<div class=\"siteorigin-fitvids\"><iframe loading=\"lazy\" width=\"720\" height=\"405\" src=\"https:\/\/www.youtube.com\/embed\/zlJm8kG6XQs?feature=oembed\" frameborder=\"0\" allow=\"autoplay; encrypted-media\" allowfullscreen><\/iframe><\/div>\n\t\t<\/div><\/div><div id=\"pgc-393-1-1\"  class=\"panel-grid-cell\" ><div id=\"panel-393-1-1-0\" class=\"so-panel widget widget_siteorigin-panels-embedded-video panel-first-child panel-last-child\" data-index=\"2\" >\t\t<div class=\"siteorigin-fitvids\"><iframe loading=\"lazy\" width=\"720\" height=\"405\" src=\"https:\/\/www.youtube.com\/embed\/V9QHI7_5xwg?feature=oembed\" frameborder=\"0\" allow=\"autoplay; encrypted-media\" allowfullscreen><\/iframe><\/div>\n\t\t<\/div><\/div><div id=\"pgc-393-1-2\"  class=\"panel-grid-cell\" ><div id=\"panel-393-1-2-0\" class=\"so-panel widget widget_siteorigin-panels-embedded-video panel-first-child panel-last-child\" data-index=\"3\" >\t\t<div class=\"siteorigin-fitvids\"><iframe loading=\"lazy\" width=\"720\" height=\"405\" src=\"https:\/\/www.youtube.com\/embed\/i7CaJDgPNWU?feature=oembed\" frameborder=\"0\" allow=\"autoplay; encrypted-media\" allowfullscreen><\/iframe><\/div>\n\t\t<\/div><\/div><\/div><div id=\"pg-393-2\"  class=\"panel-grid panel-no-style\" ><div id=\"pgc-393-2-0\"  class=\"panel-grid-cell\" ><div id=\"panel-393-2-0-0\" class=\"so-panel widget widget_siteorigin-panels-embedded-video panel-first-child panel-last-child\" data-index=\"4\" >\t\t<div class=\"siteorigin-fitvids\"><iframe loading=\"lazy\" width=\"720\" height=\"405\" src=\"https:\/\/www.youtube.com\/embed\/qEOMYqpKKeU?feature=oembed\" frameborder=\"0\" allow=\"accelerometer; autoplay; encrypted-media; gyroscope; picture-in-picture\" allowfullscreen><\/iframe><\/div>\n\t\t<\/div><\/div><div id=\"pgc-393-2-1\"  class=\"panel-grid-cell\" ><div id=\"panel-393-2-1-0\" class=\"so-panel widget widget_siteorigin-panels-embedded-video panel-first-child panel-last-child\" data-index=\"5\" >\t\t<div class=\"siteorigin-fitvids\"><iframe loading=\"lazy\" width=\"720\" height=\"405\" src=\"https:\/\/www.youtube.com\/embed\/KfT1eGzmicY?feature=oembed\" frameborder=\"0\" allow=\"accelerometer; autoplay; encrypted-media; gyroscope; picture-in-picture\" allowfullscreen><\/iframe><\/div>\n\t\t<\/div><\/div><div id=\"pgc-393-2-2\"  class=\"panel-grid-cell\" ><div id=\"panel-393-2-2-0\" class=\"so-panel widget widget_siteorigin-panels-embedded-video panel-first-child panel-last-child\" data-index=\"6\" >\t\t<div class=\"siteorigin-fitvids\"><iframe loading=\"lazy\" width=\"720\" height=\"405\" src=\"https:\/\/www.youtube.com\/embed\/5Go117rSMbc?feature=oembed\" frameborder=\"0\" allow=\"accelerometer; autoplay; encrypted-media; gyroscope; picture-in-picture\" allowfullscreen><\/iframe><\/div>\n\t\t<\/div><\/div><\/div><\/div>","protected":false},"excerpt":{"rendered":"<p>MEC Marksman h\u00f8ster stadig flere lovord for sin patenterte selvsentrerende hylseholder. Denne gj\u00f8r at kulen presses p\u00e5 plass med st\u00f8rst mulig n\u00f8yaktighet gang etter gang. Bidra ogs\u00e5 sterkt til mindre run-out. Er du avhengig av h\u00f8y presisjon? Sjekk video klipp under. MEC Marksman ladepresse f\u00e5r du n\u00e5 til kun 4990,- inkl MVA. ( pris er [&hellip;]<\/p>\n","protected":false},"author":1,"featured_media":0,"parent":0,"menu_order":0,"comment_status":"closed","ping_status":"closed","template":"","meta":{"footnotes":""},"class_list":["post-393","page","type-page","status-publish","hentry","post"],"_links":{"self":[{"href":"https:\/\/haugensporting.no\/index.php?rest_route=\/wp\/v2\/pages\/393","targetHints":{"allow":["GET"]}}],"collection":[{"href":"https:\/\/haugensporting.no\/index.php?rest_route=\/wp\/v2\/pages"}],"about":[{"href":"https:\/\/haugensporting.no\/index.php?rest_route=\/wp\/v2\/types\/page"}],"author":[{"embeddable":true,"href":"https:\/\/haugensporting.no\/index.php?rest_route=\/wp\/v2\/users\/1"}],"replies":[{"embeddable":true,"href":"https:\/\/haugensporting.no\/index.php?rest_route=%2Fwp%2Fv2%2Fcomments&post=393"}],"version-history":[{"count":29,"href":"https:\/\/haugensporting.no\/index.php?rest_route=\/wp\/v2\/pages\/393\/revisions"}],"predecessor-version":[{"id":652,"href":"https:\/\/haugensporting.no\/index.php?rest_route=\/wp\/v2\/pages\/393\/revisions\/652"}],"wp:attachment":[{"href":"https:\/\/haugensporting.no\/index.php?rest_route=%2Fwp%2Fv2%2Fmedia&parent=393"}],"curies":[{"name":"wp","href":"https:\/\/api.w.org\/{rel}","templated":true}]}}